{"id":3,"date":"2024-02-27T06:30:29","date_gmt":"2024-02-27T06:30:29","guid":{"rendered":"http:\/\/cncmaven.com\/?page_id=3"},"modified":"2024-04-08T14:30:01","modified_gmt":"2024-04-08T06:30:01","slug":"chinh-sach-bao-mat","status":"publish","type":"page","link":"https:\/\/www.cncmaven.com\/vi\/chinh-sach-bao-mat\/","title":{"rendered":"Ch\u00ednh s\u00e1ch b\u1ea3o m\u1eadt"},"content":{"rendered":"<div data-elementor-type=\"wp-page\" data-elementor-id=\"3\" class=\"elementor elementor-3\" data-elementor-post-type=\"page\">\n\t\t\t\t<div class=\"elementor-element elementor-element-364bfac2 e-flex e-con-boxed e-con e-parent\" data-id=\"364bfac2\" data-element_type=\"container\" data-e-type=\"container\">\n\t\t\t\t\t<div class=\"e-con-inner\">\n\t\t\t\t<div class=\"elementor-element elementor-element-b8350e5 elementor-widget elementor-widget-html\" data-id=\"b8350e5\" data-element_type=\"widget\" data-e-type=\"widget\" data-widget_type=\"html.default\">\n\t\t\t\t<div class=\"elementor-widget-container\">\n\t\t\t\t\t<h1>Ch\u00ednh s\u00e1ch b\u1ea3o m\u1eadt c\u1ee7a CNCMAVEN<\/h1>\r\n\r\n<p>T\u1ea1i CNCMAVEN, c\u00f3 th\u1ec3 truy c\u1eadp t\u1ea1i https:\/\/www.cncmaven.com\/, m\u1ed9t trong nh\u1eefng \u01b0u ti\u00ean h\u00e0ng \u0111\u1ea7u c\u1ee7a ch\u00fang t\u00f4i l\u00e0 b\u1ea3o v\u1ec7 quy\u1ec1n ri\u00eang t\u01b0 c\u1ee7a kh\u00e1ch truy c\u1eadp. T\u00e0i li\u1ec7u Ch\u00ednh s\u00e1ch B\u1ea3o m\u1eadt n\u00e0y m\u00f4 t\u1ea3 c\u00e1c lo\u1ea1i th\u00f4ng tin \u0111\u01b0\u1ee3c thu th\u1eadp v\u00e0 ghi l\u1ea1i b\u1edfi CNCMAVEN c\u0169ng nh\u01b0 c\u00e1ch ch\u00fang t\u00f4i s\u1eed d\u1ee5ng th\u00f4ng tin \u0111\u00f3.<\/p>\r\n\r\n<p>N\u1ebfu b\u1ea1n c\u00f3 th\u00eam c\u00e2u h\u1ecfi ho\u1eb7c c\u1ea7n th\u00eam th\u00f4ng tin v\u1ec1 Ch\u00ednh s\u00e1ch B\u1ea3o m\u1eadt c\u1ee7a ch\u00fang t\u00f4i, vui l\u00f2ng li\u00ean h\u1ec7 v\u1edbi ch\u00fang t\u00f4i.<\/p>\r\n\r\n<p>Ch\u00ednh s\u00e1ch B\u1ea3o m\u1eadt n\u00e0y ch\u1ec9 \u00e1p d\u1ee5ng cho c\u00e1c ho\u1ea1t \u0111\u1ed9ng tr\u1ef1c tuy\u1ebfn c\u1ee7a ch\u00fang t\u00f4i v\u00e0 c\u00f3 hi\u1ec7u l\u1ef1c \u0111\u1ed1i v\u1edbi kh\u00e1ch truy c\u1eadp trang web c\u1ee7a ch\u00fang t\u00f4i li\u00ean quan \u0111\u1ebfn th\u00f4ng tin m\u00e0 h\u1ecd chia s\u1ebb v\u00e0\/ho\u1eb7c thu th\u1eadp tr\u00ean CNCMAVEN. Ch\u00ednh s\u00e1ch n\u00e0y kh\u00f4ng \u00e1p d\u1ee5ng cho b\u1ea5t k\u1ef3 th\u00f4ng tin n\u00e0o \u0111\u01b0\u1ee3c thu th\u1eadp ngo\u1ea1i tuy\u1ebfn ho\u1eb7c qua c\u00e1c k\u00eanh kh\u00e1c ngo\u00e0i trang web n\u00e0y.\r\n\r\n<h3><strong>S\u1ef1 \u0111\u1ed3ng \u00fd<\/strong><\/h3>\r\n\r\n<p>B\u1eb1ng c\u00e1ch s\u1eed d\u1ee5ng trang web c\u1ee7a ch\u00fang t\u00f4i, b\u1ea1n \u0111\u1ed3ng \u00fd v\u1edbi Ch\u00ednh s\u00e1ch B\u1ea3o m\u1eadt c\u1ee7a ch\u00fang t\u00f4i v\u00e0 ch\u1ea5p nh\u1eadn c\u00e1c \u0111i\u1ec1u kho\u1ea3n c\u1ee7a n\u00f3.<\/p>\r\n\r\n<h3><strong>Th\u00f4ng tin ch\u00fang t\u00f4i thu th\u1eadp<\/strong><\/h3>\r\n\r\n<p>Th\u00f4ng tin c\u00e1 nh\u00e2n m\u00e0 b\u1ea1n \u0111\u01b0\u1ee3c y\u00eau c\u1ea7u cung c\u1ea5p, c\u00f9ng v\u1edbi l\u00fd do t\u1ea1i sao b\u1ea1n \u0111\u01b0\u1ee3c y\u00eau c\u1ea7u cung c\u1ea5p th\u00f4ng tin \u0111\u00f3, s\u1ebd \u0111\u01b0\u1ee3c gi\u1ea3i th\u00edch r\u00f5 r\u00e0ng cho b\u1ea1n t\u1ea1i th\u1eddi \u0111i\u1ec3m ch\u00fang t\u00f4i y\u00eau c\u1ea7u b\u1ea1n cung c\u1ea5p th\u00f4ng tin c\u00e1 nh\u00e2n c\u1ee7a m\u00ecnh.<\/p>\r\n<p>N\u1ebfu b\u1ea1n li\u00ean h\u1ec7 tr\u1ef1c ti\u1ebfp v\u1edbi ch\u00fang t\u00f4i, ch\u00fang t\u00f4i c\u00f3 th\u1ec3 nh\u1eadn \u0111\u01b0\u1ee3c th\u00eam th\u00f4ng tin v\u1ec1 b\u1ea1n, bao g\u1ed3m t\u00ean, \u0111\u1ecba ch\u1ec9 email, s\u1ed1 \u0111i\u1ec7n tho\u1ea1i, n\u1ed9i dung tin nh\u1eafn v\u00e0\/ho\u1eb7c c\u00e1c t\u1ec7p \u0111\u00ednh k\u00e8m m\u00e0 b\u1ea1n c\u00f3 th\u1ec3 g\u1eedi cho ch\u00fang t\u00f4i, c\u0169ng nh\u01b0 b\u1ea5t k\u1ef3 th\u00f4ng tin n\u00e0o kh\u00e1c m\u00e0 b\u1ea1n c\u00f3 th\u1ec3 ch\u1ecdn cung c\u1ea5p.<\/p>\r\n<p>Khi b\u1ea1n \u0111\u0103ng k\u00fd t\u00e0i kho\u1ea3n, ch\u00fang t\u00f4i c\u00f3 th\u1ec3 y\u00eau c\u1ea7u th\u00f4ng tin li\u00ean h\u1ec7 c\u1ee7a b\u1ea1n, bao g\u1ed3m c\u00e1c th\u00f4ng tin nh\u01b0 t\u00ean, t\u00ean c\u00f4ng ty, \u0111\u1ecba ch\u1ec9, \u0111\u1ecba ch\u1ec9 email v\u00e0 s\u1ed1 \u0111i\u1ec7n tho\u1ea1i.<\/p>\r\n\r\n<h3><strong>C\u00e1ch ch\u00fang t\u00f4i s\u1eed d\u1ee5ng th\u00f4ng tin c\u1ee7a b\u1ea1n<\/strong><\/h3>\r\n\r\n<p>Ch\u00fang t\u00f4i s\u1eed d\u1ee5ng th\u00f4ng tin m\u00e0 ch\u00fang t\u00f4i thu th\u1eadp theo nhi\u1ec1u c\u00e1ch kh\u00e1c nhau, bao g\u1ed3m \u0111\u1ec3:<\/p>\r\n\r\n<ul>\r\n<li>Cung c\u1ea5p, v\u1eadn h\u00e0nh v\u00e0 duy tr\u00ec trang web c\u1ee7a ch\u00fang t\u00f4i.<\/li>\r\n<li>C\u1ea3i thi\u1ec7n, c\u00e1 nh\u00e2n h\u00f3a v\u00e0 m\u1edf r\u1ed9ng trang web c\u1ee7a ch\u00fang t\u00f4i.<\/li>\r\n<li>Hi\u1ec3u v\u00e0 ph\u00e2n t\u00edch c\u00e1ch b\u1ea1n s\u1eed d\u1ee5ng trang web c\u1ee7a ch\u00fang t\u00f4i.<\/li>\r\n<li>Ph\u00e1t tri\u1ec3n c\u00e1c s\u1ea3n ph\u1ea9m, d\u1ecbch v\u1ee5, t\u00ednh n\u0103ng v\u00e0 ch\u1ee9c n\u0103ng m\u1edbi.<\/li>\r\n<li>Li\u00ean h\u1ec7 v\u1edbi b\u1ea1n, tr\u1ef1c ti\u1ebfp ho\u1eb7c th\u00f4ng qua m\u1ed9t trong c\u00e1c \u0111\u1ed1i t\u00e1c c\u1ee7a ch\u00fang t\u00f4i, bao g\u1ed3m \u0111\u1ec3 h\u1ed7 tr\u1ee3 kh\u00e1ch h\u00e0ng, cung c\u1ea5p cho b\u1ea1n c\u00e1c c\u1eadp nh\u1eadt v\u00e0 th\u00f4ng tin kh\u00e1c li\u00ean quan \u0111\u1ebfn trang web, c\u0169ng nh\u01b0 cho m\u1ee5c \u0111\u00edch ti\u1ebfp th\u1ecb v\u00e0 qu\u1ea3ng c\u00e1o.<\/li>\r\n<li>G\u1eedi email cho b\u1ea1n<\/li>\r\n<li>Ph\u00e1t hi\u1ec7n v\u00e0 ng\u0103n ch\u1eb7n gian l\u1eadn<\/li>\r\n<\/ul>\r\n\r\n<h3><strong>T\u1ec7p nh\u1eadt k\u00fd<\/strong><\/h3>\r\n\r\n<p>CNCMAVEN tu\u00e2n th\u1ee7 quy tr\u00ecnh ti\u00eau chu\u1ea9n trong vi\u1ec7c s\u1eed d\u1ee5ng t\u1ec7p nh\u1eadt k\u00fd. C\u00e1c t\u1ec7p n\u00e0y ghi l\u1ea1i th\u00f4ng tin c\u1ee7a ng\u01b0\u1eddi truy c\u1eadp khi h\u1ecd truy c\u1eadp v\u00e0o c\u00e1c trang web. T\u1ea5t c\u1ea3 c\u00e1c nh\u00e0 cung c\u1ea5p d\u1ecbch v\u1ee5 l\u01b0u tr\u1eef \u0111\u1ec1u th\u1ef1c hi\u1ec7n \u0111i\u1ec1u n\u00e0y v\u00e0 \u0111\u00e2y l\u00e0 m\u1ed9t ph\u1ea7n c\u1ee7a ph\u00e2n t\u00edch d\u1ecbch v\u1ee5 l\u01b0u tr\u1eef. Th\u00f4ng tin \u0111\u01b0\u1ee3c thu th\u1eadp b\u1edfi t\u1ec7p nh\u1eadt k\u00fd bao g\u1ed3m \u0111\u1ecba ch\u1ec9 giao th\u1ee9c internet (IP), lo\u1ea1i tr\u00ecnh duy\u1ec7t, nh\u00e0 cung c\u1ea5p d\u1ecbch v\u1ee5 internet (ISP), d\u1ea5u th\u1eddi gian, trang gi\u1edbi thi\u1ec7u\/tho\u00e1t, v\u00e0 c\u00f3 th\u1ec3 l\u00e0 s\u1ed1 l\u1ea7n nh\u1ea5p chu\u1ed9t. Nh\u1eefng th\u00f4ng tin n\u00e0y kh\u00f4ng \u0111\u01b0\u1ee3c li\u00ean k\u1ebft v\u1edbi b\u1ea5t k\u1ef3 th\u00f4ng tin c\u00e1 nh\u00e2n n\u00e0o. M\u1ee5c \u0111\u00edch c\u1ee7a th\u00f4ng tin n\u00e0y l\u00e0 \u0111\u1ec3 ph\u00e2n t\u00edch xu h\u01b0\u1edbng, qu\u1ea3n tr\u1ecb trang web, theo d\u00f5i ho\u1ea1t \u0111\u1ed9ng c\u1ee7a ng\u01b0\u1eddi d\u00f9ng tr\u00ean trang web v\u00e0 thu th\u1eadp th\u00f4ng tin nh\u00e2n kh\u1ea9u h\u1ecdc.<\/p>\r\n\r\n<h3><strong>Cookies v\u00e0 Web Beacons<\/strong><\/h3>\r\n\r\n<p>Gi\u1ed1ng nh\u01b0 b\u1ea5t k\u1ef3 trang web n\u00e0o kh\u00e1c, CNCMAVEN s\u1eed d\u1ee5ng \"cookies\". C\u00e1c cookies n\u00e0y \u0111\u01b0\u1ee3c s\u1eed d\u1ee5ng \u0111\u1ec3 l\u01b0u tr\u1eef th\u00f4ng tin bao g\u1ed3m s\u1edf th\u00edch c\u1ee7a ng\u01b0\u1eddi truy c\u1eadp v\u00e0 c\u00e1c trang tr\u00ean trang web m\u00e0 ng\u01b0\u1eddi truy c\u1eadp \u0111\u00e3 truy c\u1eadp ho\u1eb7c xem. Th\u00f4ng tin n\u00e0y \u0111\u01b0\u1ee3c s\u1eed d\u1ee5ng \u0111\u1ec3 t\u1ed1i \u01b0u h\u00f3a tr\u1ea3i nghi\u1ec7m c\u1ee7a ng\u01b0\u1eddi d\u00f9ng b\u1eb1ng c\u00e1ch t\u00f9y ch\u1ec9nh n\u1ed9i dung trang web c\u1ee7a ch\u00fang t\u00f4i d\u1ef1a tr\u00ean lo\u1ea1i tr\u00ecnh duy\u1ec7t c\u1ee7a ng\u01b0\u1eddi truy c\u1eadp v\u00e0\/ho\u1eb7c c\u00e1c th\u00f4ng tin kh\u00e1c.<\/p>\r\n\r\n<p>\u0110\u1ec3 bi\u1ebft th\u00eam th\u00f4ng tin chung v\u1ec1 cookie, vui l\u00f2ng \u0111\u1ecdc t\u00e0i li\u1ec7u c\u1ee7a ch\u00fang t\u00f4i. <a href=\"https:\/\/www.cncmaven.com\/vi\/chinh-sach-cookie\/\">Ch\u00ednh s\u00e1ch v\u1ec1 cookie<\/a>.<\/p>\r\n\r\n\r\n\r\n<h3><strong>Ch\u00ednh s\u00e1ch b\u1ea3o m\u1eadt c\u1ee7a c\u00e1c \u0111\u1ed1i t\u00e1c qu\u1ea3ng c\u00e1o<\/strong><\/h3>\r\n\r\n<p>B\u1ea1n c\u00f3 th\u1ec3 tham kh\u1ea3o danh s\u00e1ch n\u00e0y \u0111\u1ec3 t\u00ecm Ch\u00ednh s\u00e1ch B\u1ea3o m\u1eadt c\u1ee7a t\u1eebng \u0111\u1ed1i t\u00e1c qu\u1ea3ng c\u00e1o c\u1ee7a CNCMAVEN.<\/p>\r\n\r\n<p>C\u00e1c m\u00e1y ch\u1ee7 qu\u1ea3ng c\u00e1o c\u1ee7a b\u00ean th\u1ee9 ba ho\u1eb7c m\u1ea1ng l\u01b0\u1edbi qu\u1ea3ng c\u00e1o s\u1eed d\u1ee5ng c\u00e1c c\u00f4ng ngh\u1ec7 nh\u01b0 cookie, JavaScript ho\u1eb7c Web Beacons trong c\u00e1c qu\u1ea3ng c\u00e1o v\u00e0 li\u00ean k\u1ebft c\u1ee7a h\u1ecd xu\u1ea5t hi\u1ec7n tr\u00ean CNCMAVEN, \u0111\u01b0\u1ee3c g\u1eedi tr\u1ef1c ti\u1ebfp \u0111\u1ebfn tr\u00ecnh duy\u1ec7t c\u1ee7a ng\u01b0\u1eddi d\u00f9ng. H\u1ecd t\u1ef1 \u0111\u1ed9ng nh\u1eadn \u0111\u1ecba ch\u1ec9 IP c\u1ee7a b\u1ea1n khi \u0111i\u1ec1u n\u00e0y x\u1ea3y ra. C\u00e1c c\u00f4ng ngh\u1ec7 n\u00e0y \u0111\u01b0\u1ee3c s\u1eed d\u1ee5ng \u0111\u1ec3 \u0111o l\u01b0\u1eddng hi\u1ec7u qu\u1ea3 c\u1ee7a c\u00e1c chi\u1ebfn d\u1ecbch qu\u1ea3ng c\u00e1o c\u1ee7a h\u1ecd v\u00e0\/ho\u1eb7c \u0111\u1ec3 c\u00e1 nh\u00e2n h\u00f3a n\u1ed9i dung qu\u1ea3ng c\u00e1o m\u00e0 b\u1ea1n th\u1ea5y tr\u00ean c\u00e1c trang web m\u00e0 b\u1ea1n truy c\u1eadp.<\/p>\r\n\r\n<p>L\u01b0u \u00fd r\u1eb1ng CNCMAVEN kh\u00f4ng c\u00f3 quy\u1ec1n truy c\u1eadp ho\u1eb7c ki\u1ec3m so\u00e1t c\u00e1c cookie \u0111\u01b0\u1ee3c s\u1eed d\u1ee5ng b\u1edfi c\u00e1c nh\u00e0 qu\u1ea3ng c\u00e1o b\u00ean th\u1ee9 ba.<\/p>\r\n\r\n<h3><strong>Ch\u00ednh s\u00e1ch b\u1ea3o m\u1eadt c\u1ee7a b\u00ean th\u1ee9 ba<\/strong><\/h3>\r\n\r\n<p>Ch\u00ednh s\u00e1ch B\u1ea3o m\u1eadt c\u1ee7a CNCMAVEN kh\u00f4ng \u00e1p d\u1ee5ng cho c\u00e1c nh\u00e0 qu\u1ea3ng c\u00e1o ho\u1eb7c trang web kh\u00e1c. Do \u0111\u00f3, ch\u00fang t\u00f4i khuy\u00ean b\u1ea1n n\u00ean tham kh\u1ea3o Ch\u00ednh s\u00e1ch B\u1ea3o m\u1eadt c\u1ee7a c\u00e1c m\u00e1y ch\u1ee7 qu\u1ea3ng c\u00e1o b\u00ean th\u1ee9 ba n\u00e0y \u0111\u1ec3 c\u00f3 th\u00f4ng tin chi ti\u1ebft h\u01a1n. \u0110i\u1ec1u n\u00e0y c\u00f3 th\u1ec3 bao g\u1ed3m c\u00e1c quy tr\u00ecnh v\u00e0 h\u01b0\u1edbng d\u1eabn c\u1ee7a h\u1ecd v\u1ec1 c\u00e1ch t\u1eeb ch\u1ed1i tham gia v\u00e0o m\u1ed9t s\u1ed1 t\u00f9y ch\u1ecdn nh\u1ea5t \u0111\u1ecbnh. <\/p>\r\n\r\n<p>B\u1ea1n c\u00f3 th\u1ec3 ch\u1ecdn t\u1eaft cookie th\u00f4ng qua c\u00e1c t\u00f9y ch\u1ecdn tr\u00ecnh duy\u1ec7t c\u00e1 nh\u00e2n c\u1ee7a m\u00ecnh. \u0110\u1ec3 bi\u1ebft th\u00eam th\u00f4ng tin chi ti\u1ebft v\u1ec1 qu\u1ea3n l\u00fd cookie v\u1edbi c\u00e1c tr\u00ecnh duy\u1ec7t web c\u1ee5 th\u1ec3, b\u1ea1n c\u00f3 th\u1ec3 t\u00ecm th\u1ea5y th\u00f4ng tin n\u00e0y tr\u00ean trang web ch\u00ednh th\u1ee9c c\u1ee7a t\u1eebng tr\u00ecnh duy\u1ec7t.<\/p>\r\n\r\n<h3><strong>Quy\u1ec1n ri\u00eang t\u01b0 theo \u0110\u1ea1o lu\u1eadt B\u1ea3o v\u1ec7 Quy\u1ec1n ri\u00eang t\u01b0 c\u1ee7a Ng\u01b0\u1eddi ti\u00eau d\u00f9ng California (CCPA) (Kh\u00f4ng b\u00e1n th\u00f4ng tin c\u00e1 nh\u00e2n c\u1ee7a t\u00f4i)<\/strong><\/h3>\r\n\r\n<p>Theo \u0110\u1ea1o lu\u1eadt B\u1ea3o v\u1ec7 Quy\u1ec1n Ri\u00eang t\u01b0 c\u1ee7a Ng\u01b0\u1eddi ti\u00eau d\u00f9ng California (CCPA), ngo\u00e0i c\u00e1c quy\u1ec1n kh\u00e1c, ng\u01b0\u1eddi ti\u00eau d\u00f9ng California c\u00f3 quy\u1ec1n:<\/p>\r\n<p>Y\u00eau c\u1ea7u doanh nghi\u1ec7p thu th\u1eadp d\u1eef li\u1ec7u c\u00e1 nh\u00e2n c\u1ee7a ng\u01b0\u1eddi ti\u00eau d\u00f9ng ph\u1ea3i c\u00f4ng b\u1ed1 c\u00e1c danh m\u1ee5c v\u00e0 c\u00e1c th\u00f4ng tin c\u1ee5 th\u1ec3 v\u1ec1 d\u1eef li\u1ec7u c\u00e1 nh\u00e2n m\u00e0 doanh nghi\u1ec7p \u0111\u00e3 thu th\u1eadp v\u1ec1 ng\u01b0\u1eddi ti\u00eau d\u00f9ng.<\/p>\r\n<p>Y\u00eau c\u1ea7u doanh nghi\u1ec7p x\u00f3a b\u1ea5t k\u1ef3 d\u1eef li\u1ec7u c\u00e1 nh\u00e2n n\u00e0o v\u1ec1 ng\u01b0\u1eddi ti\u00eau d\u00f9ng m\u00e0 doanh nghi\u1ec7p \u0111\u00e3 thu th\u1eadp.<\/p>\r\n<p>Y\u00eau c\u1ea7u doanh nghi\u1ec7p b\u00e1n d\u1eef li\u1ec7u c\u00e1 nh\u00e2n c\u1ee7a ng\u01b0\u1eddi ti\u00eau d\u00f9ng kh\u00f4ng \u0111\u01b0\u1ee3c b\u00e1n d\u1eef li\u1ec7u c\u00e1 nh\u00e2n c\u1ee7a ng\u01b0\u1eddi ti\u00eau d\u00f9ng.<\/p>\r\n<p>N\u1ebfu b\u1ea1n g\u1eedi y\u00eau c\u1ea7u, ch\u00fang t\u00f4i c\u00f3 m\u1ed9t th\u00e1ng \u0111\u1ec3 tr\u1ea3 l\u1eddi b\u1ea1n. N\u1ebfu b\u1ea1n mu\u1ed1n th\u1ef1c hi\u1ec7n b\u1ea5t k\u1ef3 quy\u1ec1n n\u00e0o trong s\u1ed1 n\u00e0y, vui l\u00f2ng li\u00ean h\u1ec7 v\u1edbi ch\u00fang t\u00f4i.<\/p>\r\n\r\n<h3><strong>Quy\u1ec1n b\u1ea3o v\u1ec7 d\u1eef li\u1ec7u theo GDPR<\/strong><\/h3>\r\n\r\n<p>Ch\u00fang t\u00f4i mu\u1ed1n \u0111\u1ea3m b\u1ea3o r\u1eb1ng qu\u00fd v\u1ecb \u0111\u00e3 n\u1eafm r\u00f5 to\u00e0n b\u1ed9 c\u00e1c quy\u1ec1n b\u1ea3o v\u1ec7 d\u1eef li\u1ec7u c\u1ee7a m\u00ecnh. M\u1ed7i ng\u01b0\u1eddi d\u00f9ng \u0111\u1ec1u c\u00f3 quy\u1ec1n sau \u0111\u00e2y:<\/p>\r\n<p>Quy\u1ec1n truy c\u1eadp \u2013 B\u1ea1n c\u00f3 quy\u1ec1n y\u00eau c\u1ea7u cung c\u1ea5p b\u1ea3n sao d\u1eef li\u1ec7u c\u00e1 nh\u00e2n c\u1ee7a m\u00ecnh. Ch\u00fang t\u00f4i c\u00f3 th\u1ec3 thu m\u1ed9t kho\u1ea3n ph\u00ed nh\u1ecf cho d\u1ecbch v\u1ee5 n\u00e0y.<\/p>\r\n<p>Quy\u1ec1n s\u1eeda \u0111\u1ed5i th\u00f4ng tin \u2013 B\u1ea1n c\u00f3 quy\u1ec1n y\u00eau c\u1ea7u ch\u00fang t\u00f4i s\u1eeda \u0111\u1ed5i b\u1ea5t k\u1ef3 th\u00f4ng tin n\u00e0o m\u00e0 b\u1ea1n cho l\u00e0 kh\u00f4ng ch\u00ednh x\u00e1c. B\u1ea1n c\u0169ng c\u00f3 quy\u1ec1n y\u00eau c\u1ea7u ch\u00fang t\u00f4i b\u1ed5 sung th\u00f4ng tin m\u00e0 b\u1ea1n cho l\u00e0 ch\u01b0a \u0111\u1ea7y \u0111\u1ee7.<\/p>\r\n<p>Quy\u1ec1n x\u00f3a d\u1eef li\u1ec7u \u2013 B\u1ea1n c\u00f3 quy\u1ec1n y\u00eau c\u1ea7u ch\u00fang t\u00f4i x\u00f3a d\u1eef li\u1ec7u c\u00e1 nh\u00e2n c\u1ee7a b\u1ea1n, trong m\u1ed9t s\u1ed1 tr\u01b0\u1eddng h\u1ee3p nh\u1ea5t \u0111\u1ecbnh.<\/p>\r\n<p>Quy\u1ec1n h\u1ea1n ch\u1ebf x\u1eed l\u00fd \u2013 B\u1ea1n c\u00f3 quy\u1ec1n y\u00eau c\u1ea7u ch\u00fang t\u00f4i h\u1ea1n ch\u1ebf vi\u1ec7c x\u1eed l\u00fd d\u1eef li\u1ec7u c\u00e1 nh\u00e2n c\u1ee7a b\u1ea1n, trong m\u1ed9t s\u1ed1 tr\u01b0\u1eddng h\u1ee3p c\u1ee5 th\u1ec3.<\/p>\r\n<p>Quy\u1ec1n ph\u1ea3n \u0111\u1ed1i vi\u1ec7c x\u1eed l\u00fd d\u1eef li\u1ec7u c\u00e1 nh\u00e2n \u2013 B\u1ea1n c\u00f3 quy\u1ec1n ph\u1ea3n \u0111\u1ed1i vi\u1ec7c ch\u00fang t\u00f4i x\u1eed l\u00fd d\u1eef li\u1ec7u c\u00e1 nh\u00e2n c\u1ee7a b\u1ea1n, trong m\u1ed9t s\u1ed1 tr\u01b0\u1eddng h\u1ee3p c\u1ee5 th\u1ec3.<\/p>\r\n<p>Quy\u1ec1n chuy\u1ec3n giao d\u1eef li\u1ec7u \u2013 B\u1ea1n c\u00f3 quy\u1ec1n y\u00eau c\u1ea7u ch\u00fang t\u00f4i chuy\u1ec3n giao d\u1eef li\u1ec7u m\u00e0 ch\u00fang t\u00f4i \u0111\u00e3 thu th\u1eadp sang m\u1ed9t t\u1ed5 ch\u1ee9c kh\u00e1c ho\u1eb7c tr\u1ef1c ti\u1ebfp cho b\u1ea1n, trong m\u1ed9t s\u1ed1 \u0111i\u1ec1u ki\u1ec7n nh\u1ea5t \u0111\u1ecbnh.<\/p>\r\n<p>N\u1ebfu b\u1ea1n g\u1eedi y\u00eau c\u1ea7u, ch\u00fang t\u00f4i c\u00f3 m\u1ed9t th\u00e1ng \u0111\u1ec3 tr\u1ea3 l\u1eddi b\u1ea1n. N\u1ebfu b\u1ea1n mu\u1ed1n th\u1ef1c hi\u1ec7n b\u1ea5t k\u1ef3 quy\u1ec1n n\u00e0o trong s\u1ed1 n\u00e0y, vui l\u00f2ng li\u00ean h\u1ec7 v\u1edbi ch\u00fang t\u00f4i.<\/p>\r\n\r\n<h3><strong>Th\u00f4ng tin v\u1ec1 tr\u1ebb em<\/strong><\/h3>\r\n\r\n<p>M\u1ed9t ph\u1ea7n quan tr\u1ecdng kh\u00e1c trong \u01b0u ti\u00ean c\u1ee7a ch\u00fang t\u00f4i l\u00e0 t\u0103ng c\u01b0\u1eddng b\u1ea3o v\u1ec7 tr\u1ebb em khi s\u1eed d\u1ee5ng internet. Ch\u00fang t\u00f4i khuy\u1ebfn kh\u00edch c\u00e1c b\u1eadc ph\u1ee5 huynh v\u00e0 ng\u01b0\u1eddi gi\u00e1m h\u1ed9 quan s\u00e1t, tham gia, v\u00e0\/ho\u1eb7c theo d\u00f5i v\u00e0 h\u01b0\u1edbng d\u1eabn ho\u1ea1t \u0111\u1ed9ng tr\u1ef1c tuy\u1ebfn c\u1ee7a con em m\u00ecnh.<\/p>\r\n\r\n<p>CNCMAVEN kh\u00f4ng c\u1ed1 \u00fd thu th\u1eadp b\u1ea5t k\u1ef3 th\u00f4ng tin c\u00e1 nh\u00e2n n\u00e0o t\u1eeb tr\u1ebb em d\u01b0\u1edbi 13 tu\u1ed5i. N\u1ebfu b\u1ea1n cho r\u1eb1ng con b\u1ea1n \u0111\u00e3 cung c\u1ea5p lo\u1ea1i th\u00f4ng tin n\u00e0y tr\u00ean trang web c\u1ee7a ch\u00fang t\u00f4i, ch\u00fang t\u00f4i khuy\u1ebfn kh\u00edch b\u1ea1n li\u00ean h\u1ec7 v\u1edbi ch\u00fang t\u00f4i ngay l\u1eadp t\u1ee9c v\u00e0 ch\u00fang t\u00f4i s\u1ebd n\u1ed7 l\u1ef1c h\u1ebft s\u1ee9c \u0111\u1ec3 x\u00f3a b\u1ecf th\u00f4ng tin \u0111\u00f3 kh\u1ecfi h\u1ed3 s\u01a1 c\u1ee7a ch\u00fang t\u00f4i m\u1ed9t c\u00e1ch nhanh ch\u00f3ng.<\/p>\t\t\t\t<\/div>\n\t\t\t\t<\/div>\n\t\t\t\t\t<\/div>\n\t\t\t\t<\/div>\n\t\t\t\t<\/div>","protected":false},"excerpt":{"rendered":"<p>Privacy Policy for CNCMAVEN At CNCMAVEN, accessible from https:\/\/www.cncmaven.com\/, one of our main priorities is the privacy of our visitors. [&hellip;]<\/p>\n","protected":false},"author":1,"featured_media":0,"parent":0,"menu_order":0,"comment_status":"closed","ping_status":"open","template":"","meta":{"site-sidebar-layout":"default","site-content-layout":"","ast-site-content-layout":"default","site-content-style":"default","site-sidebar-style":"default","ast-global-header-display":"","ast-banner-title-visibility":"","ast-main-header-display":"","ast-hfb-above-header-display":"","ast-hfb-below-header-display":"","ast-hfb-mobile-header-display":"","site-post-title":"","ast-breadcrumbs-content":"","ast-featured-img":"","footer-sml-layout":"","ast-disable-related-posts":"","theme-transparent-header-meta":"","adv-header-id-meta":"","stick-header-meta":"","header-above-stick-meta":"","header-main-stick-meta":"","header-below-stick-meta":"","astra-migrate-meta-layouts":"default","ast-page-background-enabled":"default","ast-page-background-meta":{"desktop":{"background-color":"var(--ast-global-color-4)","background-image":"","background-repeat":"repeat","background-position":"center center","background-size":"auto","background-attachment":"scroll","background-type":"","background-media":"","overlay-type":"","overlay-color":"","overlay-opacity":"","overlay-gradient":""},"tablet":{"background-color":"","background-image":"","background-repeat":"repeat","background-position":"center center","background-size":"auto","background-attachment":"scroll","background-type":"","background-media":"","overlay-type":"","overlay-color":"","overlay-opacity":"","overlay-gradient":""},"mobile":{"background-color":"","background-image":"","background-repeat":"repeat","background-position":"center center","background-size":"auto","background-attachment":"scroll","background-type":"","background-media":"","overlay-type":"","overlay-color":"","overlay-opacity":"","overlay-gradient":""}},"ast-content-background-meta":{"desktop":{"background-color":"var(--ast-global-color-5)","background-image":"","background-repeat":"repeat","background-position":"center center","background-size":"auto","background-attachment":"scroll","background-type":"","background-media":"","overlay-type":"","overlay-color":"","overlay-opacity":"","overlay-gradient":""},"tablet":{"background-color":"var(--ast-global-color-5)","background-image":"","background-repeat":"repeat","background-position":"center center","background-size":"auto","background-attachment":"scroll","background-type":"","background-media":"","overlay-type":"","overlay-color":"","overlay-opacity":"","overlay-gradient":""},"mobile":{"background-color":"var(--ast-global-color-5)","background-image":"","background-repeat":"repeat","background-position":"center center","background-size":"auto","background-attachment":"scroll","background-type":"","background-media":"","overlay-type":"","overlay-color":"","overlay-opacity":"","overlay-gradient":""}},"_joinchat":[],"footnotes":""},"class_list":["post-3","page","type-page","status-publish","hentry"],"_links":{"self":[{"href":"https:\/\/www.cncmaven.com\/vi\/wp-json\/wp\/v2\/pages\/3","targetHints":{"allow":["GET"]}}],"collection":[{"href":"https:\/\/www.cncmaven.com\/vi\/wp-json\/wp\/v2\/pages"}],"about":[{"href":"https:\/\/www.cncmaven.com\/vi\/wp-json\/wp\/v2\/types\/page"}],"author":[{"embeddable":true,"href":"https:\/\/www.cncmaven.com\/vi\/wp-json\/wp\/v2\/users\/1"}],"replies":[{"embeddable":true,"href":"https:\/\/www.cncmaven.com\/vi\/wp-json\/wp\/v2\/comments?post=3"}],"version-history":[{"count":18,"href":"https:\/\/www.cncmaven.com\/vi\/wp-json\/wp\/v2\/pages\/3\/revisions"}],"predecessor-version":[{"id":660,"href":"https:\/\/www.cncmaven.com\/vi\/wp-json\/wp\/v2\/pages\/3\/revisions\/660"}],"wp:attachment":[{"href":"https:\/\/www.cncmaven.com\/vi\/wp-json\/wp\/v2\/media?parent=3"}],"curies":[{"name":"wp","href":"https:\/\/api.w.org\/{rel}","templated":true}]}}